{"id":1409,"date":"2019-12-11T13:31:39","date_gmt":"2019-12-11T12:31:39","guid":{"rendered":"https:\/\/kaleta.pl\/czesci-i-podzespoly\/"},"modified":"2025-03-24T15:11:50","modified_gmt":"2025-03-24T14:11:50","slug":"czesci-i-podzespoly","status":"publish","type":"page","link":"https:\/\/kaleta.pl\/ru\/produkty\/czesci-i-podzespoly\/","title":{"rendered":"Cz\u0119\u015bci i podzespo\u0142y"},"content":{"rendered":"\n\t<h1>\n\t\t\t\t\u0417\u0410\u041f\u0410\u0421\u041d\u042b\u0415 \u0427\u0410\u0421\u0422\u0418 \u0418 \u041a\u041e\u041c\u041f\u041b\u0415\u041a\u0422\u0423\u042e\u0429\u0418\u0415\n\t\t\t<\/h1>\n\t\t<p>\u0414\u043b\u044f \u044d\u0444\u0444\u0435\u043a\u0442\u0438\u0432\u043d\u043e\u0439 \u0440\u0430\u0431\u043e\u0442\u044b \u0448\u0442\u0443\u043a\u0430\u0442\u0443\u0440\u043d\u044b\u0445 \u043c\u0430\u0448\u0438\u043d \u0438 \u043a\u043e\u043c\u043f\u043e\u043d\u0435\u043d\u0442\u043e\u0432 \u043f\u043e\u043a\u0443\u043f\u0430\u0439\u0442\u0435 \u0442\u043e\u043b\u044c\u043a\u043e \u043e\u0440\u0438\u0433\u0438\u043d\u0430\u043b\u044c\u043d\u044b\u0435 \u0434\u0435\u0442\u0430\u043b\u0438 KALETA \u0443 \u043d\u0430\u0448\u0438\u0445 \u0430\u0432\u0442\u043e\u0440\u0438\u0437\u043e\u0432\u0430\u043d\u043d\u044b\u0445 \u0434\u0438\u0441\u0442\u0440\u0438\u0431\u044c\u044e\u0442\u043e\u0440\u043e\u0432.<\/p>\t\n\t\t\t\t<img loading=\"lazy\" decoding=\"async\" src=\"https:\/\/kaleta.pl\/wp-content\/uploads\/2019\/12\/cz\u0119\u015bci-i-podzespo\u0142y.png\" alt=\"Zdj\u0119cie-zbiorcze\" itemprop=\"image\" height=\"644\" width=\"800\" title=\"Zdj\u0119cie-zbiorcze\" onerror=\"this.style.display='none'\"  \/>\n\t\t\t<a href=\"https:\/\/kaleta.pl\/wp-content\/uploads\/2021\/11\/Kaleta_Katalog_Produktow_INTERNET.pdf\" target=\"_blank\" role=\"button\" rel=\"noopener\">\n\t\t\t\t\t\t\t\u0421\u043a\u0430\u0447\u0430\u0442\u044c \u043a\u0430\u0442\u0430\u043b\u043e\u0433\n\t\t\t\t\t<\/a>\n\t\t\t<a href=\"https:\/\/kaleta.pl\/wp-content\/uploads\/2025\/03\/kaleta-folder-maszyn-rus-2025.pdf\" target=\"_blank\" role=\"button\" rel=\"noopener\">\n\t\t\t\t\t\t\t\u0421\u043a\u0430\u0447\u0430\u0442\u044c \u043f\u0430\u043f\u043a\u0443\n\t\t\t\t\t<\/a>\n\t\t\t<a href=\"https:\/\/kaleta.pl\/wp-content\/uploads\/2025\/03\/kaleta-katalog-rotor-i-stator-2025.pdf\" target=\"_blank\" role=\"button\" rel=\"noopener\">\n\t\t\t\t\t\t\t\u0425\u0430\u0440\u0430\u043a\u0442\u0435\u0440\u0438\u0441\u0442\u0438\u043a\u0430 \u0428\u043d\u0435\u043a\u043e\u0432\u044b\u0445 \u043d\u0430\u0441\u043e\u0441\u043e\u0432\n\t\t\t\t\t<\/a>\n","protected":false},"excerpt":{"rendered":"<p>\u0417\u0410\u041f\u0410\u0421\u041d\u042b\u0415 \u0427\u0410\u0421\u0422\u0418 \u0418 \u041a\u041e\u041c\u041f\u041b\u0415\u041a\u0422\u0423\u042e\u0429\u0418\u0415 \u0414\u043b\u044f \u044d\u0444\u0444\u0435\u043a\u0442\u0438\u0432\u043d\u043e\u0439 \u0440\u0430\u0431\u043e\u0442\u044b \u0448\u0442\u0443\u043a\u0430\u0442\u0443\u0440\u043d\u044b\u0445 \u043c\u0430\u0448\u0438\u043d \u0438 \u043a\u043e\u043c\u043f\u043e\u043d\u0435\u043d\u0442\u043e\u0432 \u043f\u043e\u043a\u0443\u043f\u0430\u0439\u0442\u0435 \u0442\u043e\u043b\u044c\u043a\u043e \u043e\u0440\u0438\u0433\u0438\u043d\u0430\u043b\u044c\u043d\u044b\u0435 \u0434\u0435\u0442\u0430\u043b\u0438 KALETA \u0443 \u043d\u0430\u0448\u0438\u0445 \u0430\u0432\u0442\u043e\u0440\u0438\u0437\u043e\u0432\u0430\u043d\u043d\u044b\u0445 \u0434\u0438\u0441\u0442\u0440\u0438\u0431\u044c\u044e\u0442\u043e\u0440\u043e\u0432. \u0421\u043a\u0430\u0447\u0430\u0442\u044c \u043a\u0430\u0442\u0430\u043b\u043e\u0433 \u0421\u043a\u0430\u0447\u0430\u0442\u044c \u043f\u0430\u043f\u043a\u0443 \u0425\u0430\u0440\u0430\u043a\u0442\u0435\u0440\u0438\u0441\u0442\u0438\u043a\u0430 \u0428\u043d\u0435\u043a\u043e\u0432\u044b\u0445 \u043d\u0430\u0441\u043e\u0441\u043e\u0432<\/p>\n","protected":false},"author":1,"featured_media":0,"parent":1431,"menu_order":0,"comment_status":"closed","ping_status":"closed","template":"","meta":{"footnotes":""},"class_list":["post-1409","page","type-page","status-publish","hentry"],"_links":{"self":[{"href":"https:\/\/kaleta.pl\/ru\/wp-json\/wp\/v2\/pages\/1409\/"}],"collection":[{"href":"https:\/\/kaleta.pl\/ru\/wp-json\/wp\/v2\/pages\/"}],"about":[{"href":"https:\/\/kaleta.pl\/ru\/wp-json\/wp\/v2\/types\/page\/"}],"author":[{"embeddable":true,"href":"https:\/\/kaleta.pl\/ru\/wp-json\/wp\/v2\/users\/1\/"}],"replies":[{"embeddable":true,"href":"https:\/\/kaleta.pl\/ru\/wp-json\/wp\/v2\/comments\/?post=1409"}],"version-history":[{"count":25,"href":"https:\/\/kaleta.pl\/ru\/wp-json\/wp\/v2\/pages\/1409\/revisions\/"}],"predecessor-version":[{"id":4500,"href":"https:\/\/kaleta.pl\/ru\/wp-json\/wp\/v2\/pages\/1409\/revisions\/4500\/"}],"up":[{"embeddable":true,"href":"https:\/\/kaleta.pl\/ru\/wp-json\/wp\/v2\/pages\/1431\/"}],"wp:attachment":[{"href":"https:\/\/kaleta.pl\/ru\/wp-json\/wp\/v2\/media\/?parent=1409"}],"curies":[{"name":"wp","href":"https:\/\/api.w.org\/{rel}","templated":true}]}}