{"id":922,"date":"2019-12-11T13:30:18","date_gmt":"2019-12-11T12:30:18","guid":{"rendered":"https:\/\/kaleta.pl\/blog\/"},"modified":"2020-03-24T00:41:24","modified_gmt":"2020-03-23T23:41:24","slug":"blog","status":"publish","type":"page","link":"https:\/\/kaleta.pl\/en\/blog\/","title":{"rendered":"Blog"},"content":{"rendered":"\n\t<h1>\n\t\t\t\tBlog\n\t\t\t<\/h1>\n                    <h3>\n                 <a href=\"\/?p=2156\" title=\"Jak d\u0142ugo schnie tynk?\" tabindex=\"0\">Jak d\u0142ugo schnie tynk?<\/a>\n            <\/h3>\n                                            <a href=\"\/?p=2156\" target=\"_self\" title=\"Jak d\u0142ugo schnie tynk?\" rel=\"noopener noreferrer\">\n                <img decoding=\"async\" src=\"https:\/\/kaleta.pl\/wp-content\/uploads\/bb-plugin\/cache\/shutterstock_681215893-custom_crop.jpg\" alt=\"\" \/>\n                <\/a>\n                                To, ile schnie tynk, jest zale\u017cne od wielu czynnik\u00f3w. Nale\u017cy do nich jego rodzaj, panuj\u0105ce warunki cieplno-wilgotno\u015bciowe, jego &#8230;\n                <a href=\"\/?p=2156\" target=\"_self\" rel=\"noopener noreferrer\">Czytaj wi\u0119cej &#8594;<\/a>        \n                    <h3>\n                 <a href=\"\/?p=1754\" title=\"Tynk gipsowy &#8211; dobry czy z\u0142y wyb\u00f3r?\" tabindex=\"0\">Tynk gipsowy &#8211; dobry czy z\u0142y wyb\u00f3r?<\/a>\n            <\/h3>\n                                            <a href=\"\/?p=1754\" target=\"_self\" title=\"Tynk gipsowy &#8211; dobry czy z\u0142y wyb\u00f3r?\" rel=\"noopener noreferrer\">\n                <img decoding=\"async\" src=\"https:\/\/kaleta.pl\/wp-content\/uploads\/bb-plugin\/cache\/shutterstock_387406033-custom_crop.jpg\" alt=\"\" \/>\n                <\/a>\n                                Tynk gipsowy to jeden z najcz\u0119\u015bciej wybieranych rodzaj\u00f3w wyko\u0144cze\u0144, stosowanych na \u015bcianach i sufitach. By\u0142 on u\u017cywany ju\u017c &#8230;\n                <a href=\"\/?p=1754\" target=\"_self\" rel=\"noopener noreferrer\">Czytaj wi\u0119cej &#8594;<\/a>        \n                    <h3>\n                 <a href=\"\/?p=1645\" title=\"Jakie s\u0105 najcz\u0119stsze b\u0142\u0119dy tynkarzy?\" tabindex=\"0\">Jakie s\u0105 najcz\u0119stsze b\u0142\u0119dy tynkarzy?<\/a>\n            <\/h3>\n                                            <a href=\"\/?p=1645\" target=\"_self\" title=\"Jakie s\u0105 najcz\u0119stsze b\u0142\u0119dy tynkarzy?\" rel=\"noopener noreferrer\">\n                <img decoding=\"async\" src=\"https:\/\/kaleta.pl\/wp-content\/uploads\/bb-plugin\/cache\/shutterstock_353108510-custom_crop.jpg\" alt=\"\" \/>\n                <\/a>\n                                Zatrudniaj\u0105c fachowc\u00f3w, mamy nadziej\u0119, \u017ce wszystko, co zrobi\u0105, b\u0119dzie wysokiej jako\u015bci i nie b\u0119dziemy mie\u0107 p\u00f3\u017aniej \u017cadnych problem\u00f3w &#8230;\n                <a href=\"\/?p=1645\" target=\"_self\" rel=\"noopener noreferrer\">Czytaj wi\u0119cej &#8594;<\/a>        \n                    <h3>\n                 <a href=\"\/?p=895\" title=\"Jak przygotowa\u0107 pod\u0142o\u017ce pod tynk?\" tabindex=\"0\">Jak przygotowa\u0107 pod\u0142o\u017ce pod tynk?<\/a>\n            <\/h3>\n                                            <a href=\"\/?p=895\" target=\"_self\" title=\"Jak przygotowa\u0107 pod\u0142o\u017ce pod tynk?\" rel=\"noopener noreferrer\">\n                <img decoding=\"async\" src=\"https:\/\/kaleta.pl\/wp-content\/uploads\/bb-plugin\/cache\/pod\u0142o\u017ce-pod-tynk-custom_crop.jpg\" alt=\"\" \/>\n                <\/a>\n                                Prawid\u0142owe przygotowanie pod\u0142o\u017ca przed tynkowaniem ma decyduj\u0105cy wp\u0142yw na ko\u0144cowy efekt prac. R\u00f3wne, odpowiednio zagruntowane i zabezpieczone \u015bciany &#8230;\n                <a href=\"\/?p=895\" target=\"_self\" rel=\"noopener noreferrer\">Czytaj wi\u0119cej &#8594;<\/a>        \n                    <h3>\n                 <a href=\"\/?p=894\" title=\"Jak\u0105 wiedz\u0119 musi posiada\u0107 dobry tynkarz?\" tabindex=\"0\">Jak\u0105 wiedz\u0119 musi posiada\u0107 dobry tynkarz?<\/a>\n            <\/h3>\n                                            <a href=\"\/?p=894\" target=\"_self\" title=\"Jak\u0105 wiedz\u0119 musi posiada\u0107 dobry tynkarz?\" rel=\"noopener noreferrer\">\n                <img decoding=\"async\" src=\"https:\/\/kaleta.pl\/wp-content\/uploads\/bb-plugin\/cache\/shutterstock_392250148-custom_crop.jpg\" alt=\"\" \/>\n                <\/a>\n                                Doskona\u0142ej jako\u015bci tynk nie stanowi gwarancji, \u017ce zaaplikowany na \u015bcian\u0119 produkt b\u0119dzie prezentowa\u0142 si\u0119 bez zarzutu. R\u00f3wnie istotny &#8230;\n                <a href=\"\/?p=894\" target=\"_self\" rel=\"noopener noreferrer\">Czytaj wi\u0119cej &#8594;<\/a>        \n                    <h3>\n                 <a href=\"\/?p=892\" title=\"Tynk maszynowy, czyli oszcz\u0119dno\u015b\u0107 miejsca i czasu. Kt\u00f3ry rodzaj b\u0119dzie bardziej odpowiedni?\" tabindex=\"0\">Tynk maszynowy, czyli oszcz\u0119dno\u015b\u0107 miejsca i czasu. Kt\u00f3ry rodzaj b\u0119dzie bardziej odpowiedni?<\/a>\n            <\/h3>\n                                            <a href=\"\/?p=892\" target=\"_self\" title=\"Tynk maszynowy, czyli oszcz\u0119dno\u015b\u0107 miejsca i czasu. Kt\u00f3ry rodzaj b\u0119dzie bardziej odpowiedni?\" rel=\"noopener noreferrer\">\n                <img decoding=\"async\" src=\"https:\/\/kaleta.pl\/wp-content\/uploads\/bb-plugin\/cache\/Tynk-maszynowy-custom_crop.jpg\" alt=\"\" \/>\n                <\/a>\n                                Tynki maszynowe s\u0105 obecnie najpopularniejsz\u0105 metod\u0105 wyka\u0144czania \u015bcian. Ich liczne zalety oraz mo\u017cliwo\u015b\u0107 zastosowania r\u00f3\u017cnego rodzaju materia\u0142\u00f3w sprawi\u0142y, &#8230;\n                <a href=\"\/?p=892\" target=\"_self\" rel=\"noopener noreferrer\">Czytaj wi\u0119cej &#8594;<\/a>        \n                    <h3>\n                 <a href=\"\/?p=890\" title=\"Najwa\u017cniejsze zasady tynkowania \u2013 o czym nale\u017cy pami\u0119ta\u0107 wykonuj\u0105c tynki\" tabindex=\"0\">Najwa\u017cniejsze zasady tynkowania \u2013 o czym nale\u017cy pami\u0119ta\u0107 wykonuj\u0105c tynki<\/a>\n            <\/h3>\n                                            <a href=\"\/?p=890\" target=\"_self\" title=\"Najwa\u017cniejsze zasady tynkowania \u2013 o czym nale\u017cy pami\u0119ta\u0107 wykonuj\u0105c tynki\" rel=\"noopener noreferrer\">\n                <img decoding=\"async\" src=\"https:\/\/kaleta.pl\/wp-content\/uploads\/bb-plugin\/cache\/najwazniejsze-zasady-tynkowania-custom_crop.jpg\" alt=\"\" \/>\n                <\/a>\n                                Odpowiednia jako\u015b\u0107 tynk\u00f3w ma istotne znaczenie zar\u00f3wno dla wn\u0119trz, jak i elewacji budynk\u00f3w. Jako\u015b\u0107 tynku, jaki po\u0142o\u017cony jest &#8230;\n                <a href=\"\/?p=890\" target=\"_self\" rel=\"noopener noreferrer\">Czytaj wi\u0119cej &#8594;<\/a>        \n                    <h3>\n                 <a href=\"\/?p=888\" title=\"Rodzaje najpopularniejszych tynk\u00f3w wewn\u0119trznych\" tabindex=\"0\">Rodzaje najpopularniejszych tynk\u00f3w wewn\u0119trznych<\/a>\n            <\/h3>\n                                            <a href=\"\/?p=888\" target=\"_self\" title=\"Rodzaje najpopularniejszych tynk\u00f3w wewn\u0119trznych\" rel=\"noopener noreferrer\">\n                <img decoding=\"async\" src=\"https:\/\/kaleta.pl\/wp-content\/uploads\/bb-plugin\/cache\/Rodzaje-tynkow-custom_crop.jpg\" alt=\"\" \/>\n                <\/a>\n                                Przed przyst\u0105pieniem do tynkowania warto zapozna\u0107 si\u0119 z najpopularniejszymi rodzajami tynk\u00f3w wewn\u0119trznych. Wyr\u00f3\u017cnia si\u0119 m.in. tynki wapienne, gipsowe &#8230;\n                <a href=\"\/?p=888\" target=\"_self\" rel=\"noopener noreferrer\">Czytaj wi\u0119cej &#8594;<\/a>        \n                    <h3>\n                 <a href=\"\/?p=886\" title=\"Agregat tynkarski \u2013 jaki kupi\u0107? Jak wybra\u0107 najlepszy?\" tabindex=\"0\">Agregat tynkarski \u2013 jaki kupi\u0107? Jak wybra\u0107 najlepszy?<\/a>\n            <\/h3>\n                                            <a href=\"\/?p=886\" target=\"_self\" title=\"Agregat tynkarski \u2013 jaki kupi\u0107? Jak wybra\u0107 najlepszy?\" rel=\"noopener noreferrer\">\n                <img decoding=\"async\" src=\"https:\/\/kaleta.pl\/wp-content\/uploads\/bb-plugin\/cache\/Jaki-kupic-custom_crop.jpg\" alt=\"\" \/>\n                <\/a>\n                                Agregat tynkarski to urz\u0105dzenie, kt\u00f3re jest przeznaczone do nak\u0142adania tynku mechanicznie i ci\u0105gle. Na rynku mo\u017cna znale\u017a\u0107 r\u00f3\u017cne &#8230;\n                <a href=\"\/?p=886\" target=\"_self\" rel=\"noopener noreferrer\">Czytaj wi\u0119cej &#8594;<\/a>        \n                    <h3>\n                 <a href=\"\/?p=884\" title=\"Kaleta 6 \u2013 Nowo\u015b\u0107 2019 \u2013 rozk\u0142adany agregat tynkarski\" tabindex=\"0\">Kaleta 6 \u2013 Nowo\u015b\u0107 2019 \u2013 rozk\u0142adany agregat tynkarski<\/a>\n            <\/h3>\n                                            <a href=\"\/?p=884\" target=\"_self\" title=\"Kaleta 6 \u2013 Nowo\u015b\u0107 2019 \u2013 rozk\u0142adany agregat tynkarski\" rel=\"noopener noreferrer\">\n                <img decoding=\"async\" src=\"https:\/\/kaleta.pl\/wp-content\/uploads\/bb-plugin\/cache\/12-1-custom_crop.png\" alt=\"\" \/>\n                <\/a>\n                                Kaleta \u2013 nadajemy rytm na rynku agregat\u00f3w tynkarskich i mieszarek przep\u0142ywowych Jeste\u015bmy wiod\u0105cym producentem agregat\u00f3w tynkarskich, mieszarek przep\u0142ywowych &#8230;\n                <a href=\"\/?p=884\" target=\"_self\" rel=\"noopener noreferrer\">Czytaj wi\u0119cej &#8594;<\/a>        \n                    <h3>\n                 <a href=\"\/?p=882\" title=\"Tynkowanie \u2013 zleci\u0107 firmie czy wykona\u0107 samemu? Wady i zalety.\" tabindex=\"0\">Tynkowanie \u2013 zleci\u0107 firmie czy wykona\u0107 samemu? Wady i zalety.<\/a>\n            <\/h3>\n                                            <a href=\"\/?p=882\" target=\"_self\" title=\"Tynkowanie \u2013 zleci\u0107 firmie czy wykona\u0107 samemu? Wady i zalety.\" rel=\"noopener noreferrer\">\n                <img decoding=\"async\" src=\"https:\/\/kaleta.pl\/wp-content\/uploads\/bb-plugin\/cache\/tynkowanie-custom_crop.jpg\" alt=\"\" \/>\n                <\/a>\n                                Je\u015bli masz zamiar zaj\u0105\u0107 si\u0119 tynkowaniem swojego nowego mieszkania \u2013 warto zna\u0107 chocia\u017cby podstawy tej czynno\u015bci. Po co &#8230;\n                <a href=\"\/?p=882\" target=\"_self\" rel=\"noopener noreferrer\">Czytaj wi\u0119cej &#8594;<\/a>        \n                    <h3>\n                 <a href=\"\/?p=881\" title=\"Czy potrzebujesz mieszarki przep\u0142ywowej?\" tabindex=\"0\">Czy potrzebujesz mieszarki przep\u0142ywowej?<\/a>\n            <\/h3>\n                                            <a href=\"\/?p=881\" target=\"_self\" title=\"Czy potrzebujesz mieszarki przep\u0142ywowej?\" rel=\"noopener noreferrer\">\n                <img decoding=\"async\" src=\"https:\/\/kaleta.pl\/wp-content\/uploads\/bb-plugin\/cache\/8-custom_crop.png\" alt=\"\" \/>\n                <\/a>\n                                Mieszarki przep\u0142ywowe \u2013 funkcje Mieszarki przep\u0142ywowe s\u0105 urz\u0105dzeniami s\u0142u\u017c\u0105cymi do tworzenia jednolitej konsystencji u\u017cywanej zaprawy, przy jak najmniejszym &#8230;\n                <a href=\"\/?p=881\" target=\"_self\" rel=\"noopener noreferrer\">Czytaj wi\u0119cej &#8594;<\/a>        \n                    <h3>\n                 <a href=\"\/?p=879\" title=\"Typy agregat\u00f3w tynkarskich\" tabindex=\"0\">Typy agregat\u00f3w tynkarskich<\/a>\n            <\/h3>\n                                            <a href=\"\/?p=879\" target=\"_self\" title=\"Typy agregat\u00f3w tynkarskich\" rel=\"noopener noreferrer\">\n                <img decoding=\"async\" src=\"https:\/\/kaleta.pl\/wp-content\/uploads\/bb-plugin\/cache\/typy-agregat\u00f3w-tynkarskich-custom_crop.jpg\" alt=\"\" \/>\n                <\/a>\n                                Ka\u017cdy przedsi\u0119biorca budowlany staje ostatecznie przed trudnym wyborem, jakim jest odpowiedni dob\u00f3r agregatu do swoich potrzeb. Kiedy ju\u017c &#8230;\n                <a href=\"\/?p=879\" target=\"_self\" rel=\"noopener noreferrer\">Czytaj wi\u0119cej &#8594;<\/a>        \n                    <h3>\n                 <a href=\"\/?p=876\" title=\"Obs\u0142uga agregatu tynkarskiego, co nalez\u0307y wiedziec\u0301?\" tabindex=\"0\">Obs\u0142uga agregatu tynkarskiego, co nalez\u0307y wiedziec\u0301?<\/a>\n            <\/h3>\n                                            <a href=\"\/?p=876\" target=\"_self\" title=\"Obs\u0142uga agregatu tynkarskiego, co nalez\u0307y wiedziec\u0301?\" rel=\"noopener noreferrer\">\n                <img decoding=\"async\" src=\"https:\/\/kaleta.pl\/wp-content\/uploads\/bb-plugin\/cache\/obs\u0142uga-agregatu-custom_crop.png\" alt=\"\" \/>\n                <\/a>\n                                Jak skonstruowany jest agregat tynkarski ? Agregat tynkarski to urz\u0105dzenie przeznaczone do mechanicznego nak\u0142adania tynk\u00f3w, odbywaj\u0105cego si\u0119 w &#8230;\n                <a href=\"\/?p=876\" target=\"_self\" rel=\"noopener noreferrer\">Czytaj wi\u0119cej &#8594;<\/a>        \n                    <h3>\n                 <a href=\"\/?p=874\" title=\"Agregat tynkarski \u2013 lepiej kupi\u0107, leasingowa\u0107 czy wypo\u017cyczy\u0107?\" tabindex=\"0\">Agregat tynkarski \u2013 lepiej kupi\u0107, leasingowa\u0107 czy wypo\u017cyczy\u0107?<\/a>\n            <\/h3>\n                                            <a href=\"\/?p=874\" target=\"_self\" title=\"Agregat tynkarski \u2013 lepiej kupi\u0107, leasingowa\u0107 czy wypo\u017cyczy\u0107?\" rel=\"noopener noreferrer\">\n                <img decoding=\"async\" src=\"https:\/\/kaleta.pl\/wp-content\/uploads\/bb-plugin\/cache\/Agregat-tynkarski-custom_crop.jpg\" alt=\"\" \/>\n                <\/a>\n                                Agregat tynkarski jest urz\u0105dzeniem niezb\u0119dnym w budownictwie, dlatego wiele firm staje ostatecznie przez trudnym wyborem \u2013 co b\u0119dzie &#8230;\n                <a href=\"\/?p=874\" target=\"_self\" rel=\"noopener noreferrer\">Czytaj wi\u0119cej &#8594;<\/a>        \n                    <h3>\n                 <a href=\"\/?p=872\" title=\"Skuwanie tynku \u2013 jak to zrobi\u0107 i o czym pami\u0119ta\u0107?\" tabindex=\"0\">Skuwanie tynku \u2013 jak to zrobi\u0107 i o czym pami\u0119ta\u0107?<\/a>\n            <\/h3>\n                                            <a href=\"\/?p=872\" target=\"_self\" title=\"Skuwanie tynku \u2013 jak to zrobi\u0107 i o czym pami\u0119ta\u0107?\" rel=\"noopener noreferrer\">\n                <img decoding=\"async\" src=\"https:\/\/kaleta.pl\/wp-content\/uploads\/bb-plugin\/cache\/Skuwanie-tynku-custom_crop.jpg\" alt=\"\" \/>\n                <\/a>\n                                Chcesz samodzielnie usun\u0105\u0107 tynk ze \u015bciany? Mo\u017cesz to zrobi\u0107, je\u015bli odpowiednio si\u0119 przygotujesz. Czasami m\u0142otek i przecinak b\u0119d\u0105 &#8230;\n                <a href=\"\/?p=872\" target=\"_self\" rel=\"noopener noreferrer\">Czytaj wi\u0119cej &#8594;<\/a>        \n                    <h3>\n                 <a href=\"\/?p=870\" title=\"Jak tynkowa\u0107 \u015bciany przy u\u017cyciu agregatu tynkarskiego?\" tabindex=\"0\">Jak tynkowa\u0107 \u015bciany przy u\u017cyciu agregatu tynkarskiego?<\/a>\n            <\/h3>\n                                            <a href=\"\/?p=870\" target=\"_self\" title=\"Jak tynkowa\u0107 \u015bciany przy u\u017cyciu agregatu tynkarskiego?\" rel=\"noopener noreferrer\">\n                <img decoding=\"async\" src=\"https:\/\/kaleta.pl\/wp-content\/uploads\/bb-plugin\/cache\/tynkowanie-agregat-tynkarski-custom_crop.jpg\" alt=\"\" \/>\n                <\/a>\n                                Tynkowanie wymaga precyzji i szybko\u015bci \u2013 dlatego zautomatyzowanie tej czynno\u015bci niesie ze sob\u0105 wiele korzy\u015bci. Agregaty tynkarskie pracuj\u0105 &#8230;\n                <a href=\"\/?p=870\" target=\"_self\" rel=\"noopener noreferrer\">Czytaj wi\u0119cej &#8594;<\/a>        \n                    <h3>\n                 <a href=\"\/?p=868\" title=\"Jak prawid\u0142owo i bezpiecznie wyczy\u015bci\u0107 agregat tynkarski?\" tabindex=\"0\">Jak prawid\u0142owo i bezpiecznie wyczy\u015bci\u0107 agregat tynkarski?<\/a>\n            <\/h3>\n                                            <a href=\"\/?p=868\" target=\"_self\" title=\"Jak prawid\u0142owo i bezpiecznie wyczy\u015bci\u0107 agregat tynkarski?\" rel=\"noopener noreferrer\">\n                <img decoding=\"async\" src=\"https:\/\/kaleta.pl\/wp-content\/uploads\/bb-plugin\/cache\/czyszczenie-agregat-tynkarski-custom_crop.jpg\" alt=\"\" \/>\n                <\/a>\n                                Agregat tynkarski jest urz\u0105dzeniem specyficznym. Tym samym, jego czyszczenie powinno odbywa\u0107 si\u0119 po ka\u017cdorazowym u\u017cyciu oraz zgodnie z &#8230;\n                <a href=\"\/?p=868\" target=\"_self\" rel=\"noopener noreferrer\">Czytaj wi\u0119cej &#8594;<\/a>        \n                    <h3>\n                 <a href=\"\/?p=865\" title=\"R\u00f3\u017cnice mi\u0119dzy tynkiem maszynowym gipsowo-wapiennym oraz cementowo-wapiennym\" tabindex=\"0\">R\u00f3\u017cnice mi\u0119dzy tynkiem maszynowym gipsowo-wapiennym oraz cementowo-wapiennym<\/a>\n            <\/h3>\n                                            <a href=\"\/?p=865\" target=\"_self\" title=\"R\u00f3\u017cnice mi\u0119dzy tynkiem maszynowym gipsowo-wapiennym oraz cementowo-wapiennym\" rel=\"noopener noreferrer\">\n                <img decoding=\"async\" src=\"https:\/\/kaleta.pl\/wp-content\/uploads\/bb-plugin\/cache\/tynk-maszynowy-1-custom_crop.jpg\" alt=\"\" \/>\n                <\/a>\n                                Przy stawianiu budynku i jego p\u00f3\u017aniejszym wyka\u0144czaniu u\u017cywa si\u0119 r\u00f3\u017cnorodnych produkt\u00f3w. Ka\u017cdy z nich wyst\u0119puje w kilku rodzajach &#8230;\n                <a href=\"\/?p=865\" target=\"_self\" rel=\"noopener noreferrer\">Czytaj wi\u0119cej &#8594;<\/a>        \n                    <h3>\n                 <a href=\"\/?p=862\" title=\"P\u0119kaj\u0105ce tynki \u2013 jakie s\u0105 przyczyny? Jak temu zaradzi\u0107?\" tabindex=\"0\">P\u0119kaj\u0105ce tynki \u2013 jakie s\u0105 przyczyny? Jak temu zaradzi\u0107?<\/a>\n            <\/h3>\n                                            <a href=\"\/?p=862\" target=\"_self\" title=\"P\u0119kaj\u0105ce tynki \u2013 jakie s\u0105 przyczyny? Jak temu zaradzi\u0107?\" rel=\"noopener noreferrer\">\n                <img decoding=\"async\" src=\"https:\/\/kaleta.pl\/wp-content\/uploads\/bb-plugin\/cache\/tynk-peka-agregaty-1-custom_crop.jpg\" alt=\"\" \/>\n                <\/a>\n                                P\u0119kni\u0119cia powstaj\u0105ce w elewacji to jeden z najwi\u0119kszych problem\u00f3w, z jakimi spotykaj\u0105 si\u0119 budowla\u0144cy, a tak\u017ce amatorzy, samodzielnie &#8230;\n                <a href=\"\/?p=862\" target=\"_self\" rel=\"noopener noreferrer\">Czytaj wi\u0119cej &#8594;<\/a>        \n                    <h3>\n                 <a href=\"\/?p=852\" title=\"Tynkowanie maszynowe vs r\u0119czne \u2013 kt\u00f3re lepsze?\" tabindex=\"0\">Tynkowanie maszynowe vs r\u0119czne \u2013 kt\u00f3re lepsze?<\/a>\n            <\/h3>\n                                            <a href=\"\/?p=852\" target=\"_self\" title=\"Tynkowanie maszynowe vs r\u0119czne \u2013 kt\u00f3re lepsze?\" rel=\"noopener noreferrer\">\n                <img decoding=\"async\" src=\"https:\/\/kaleta.pl\/wp-content\/uploads\/bb-plugin\/cache\/maszynowe-tynkowanie-custom_crop.jpg\" alt=\"\" \/>\n                <\/a>\n                                Tynkowanie r\u0119czne oraz tynkowanie maszynowe to dwa rozwi\u0105zania, kt\u00f3re wykorzysta\u0107 mo\u017cna do wyko\u0144czenia \u015bcian. Ostateczny wyb\u00f3r powinien zale\u017ce\u0107 &#8230;\n                <a href=\"\/?p=852\" target=\"_self\" rel=\"noopener noreferrer\">Czytaj wi\u0119cej &#8594;<\/a>        \n                    <h3>\n                 <a href=\"\/?p=850\" title=\"Jak dzia\u0142a agregat tynkarski? Jak go u\u017cywa\u0107?\" tabindex=\"0\">Jak dzia\u0142a agregat tynkarski? Jak go u\u017cywa\u0107?<\/a>\n            <\/h3>\n                                            <a href=\"\/?p=850\" target=\"_self\" title=\"Jak dzia\u0142a agregat tynkarski? Jak go u\u017cywa\u0107?\" rel=\"noopener noreferrer\">\n                <img decoding=\"async\" src=\"https:\/\/kaleta.pl\/wp-content\/uploads\/bb-plugin\/cache\/jak-dziala-agregat-tynkarski-custom_crop.png\" alt=\"\" \/>\n                <\/a>\n                                Agregat tynkarski to maszyna, kt\u00f3ra zasilana jest z sieci elektrycznej, a jej sterowanie jest oparte o uk\u0142ad elektryczno-pneumatyczny. &#8230;\n                <a href=\"\/?p=850\" target=\"_self\" rel=\"noopener noreferrer\">Czytaj wi\u0119cej &#8594;<\/a>        \n                    <h3>\n                 <a href=\"\/?p=848\" title=\"3 korzy\u015bci ze stosowania agregat\u00f3w tynkarskich Kaleta\" tabindex=\"0\">3 korzy\u015bci ze stosowania agregat\u00f3w tynkarskich Kaleta<\/a>\n            <\/h3>\n                                            <a href=\"\/?p=848\" target=\"_self\" title=\"3 korzy\u015bci ze stosowania agregat\u00f3w tynkarskich Kaleta\" rel=\"noopener noreferrer\">\n                <img decoding=\"async\" src=\"https:\/\/kaleta.pl\/wp-content\/uploads\/bb-plugin\/cache\/agregat-do-tynkowania-gipsu-custom_crop.jpg\" alt=\"\" \/>\n                <\/a>\n                                Wszystkie prace budowlane mog\u0105 by\u0107 wykonywane r\u0119cznie albo za pomoc\u0105 specjalistycznych urz\u0105dze\u0144. Dzi\u0119ki wykorzystywaniu\u00a0agregat\u00f3w Kaleta\u00a0istnieje mo\u017cliwo\u015b\u0107 wywierania wp\u0142ywu &#8230;\n                <a href=\"\/?p=848\" target=\"_self\" rel=\"noopener noreferrer\">Czytaj wi\u0119cej &#8594;<\/a>        \n","protected":false},"excerpt":{"rendered":"<p>Blog Jak d\u0142ugo schnie tynk? To, ile schnie tynk, jest zale\u017cne od wielu czynnik\u00f3w. Nale\u017cy do nich jego rodzaj, panuj\u0105ce warunki cieplno-wilgotno\u015bciowe, jego &#8230; Czytaj wi\u0119cej &#8594; Tynk gipsowy &#8211; dobry czy z\u0142y wyb\u00f3r? Tynk gipsowy to jeden z najcz\u0119\u015bciej wybieranych rodzaj\u00f3w wyko\u0144cze\u0144, stosowanych na \u015bcianach i sufitach. By\u0142 on u\u017cywany ju\u017c &#8230; Czytaj wi\u0119cej&hellip;<\/p>\n","protected":false},"author":1,"featured_media":0,"parent":0,"menu_order":0,"comment_status":"closed","ping_status":"closed","template":"","meta":{"footnotes":""},"class_list":["post-922","page","type-page","status-publish","hentry"],"_links":{"self":[{"href":"https:\/\/kaleta.pl\/en\/wp-json\/wp\/v2\/pages\/922\/"}],"collection":[{"href":"https:\/\/kaleta.pl\/en\/wp-json\/wp\/v2\/pages\/"}],"about":[{"href":"https:\/\/kaleta.pl\/en\/wp-json\/wp\/v2\/types\/page\/"}],"author":[{"embeddable":true,"href":"https:\/\/kaleta.pl\/en\/wp-json\/wp\/v2\/users\/1\/"}],"replies":[{"embeddable":true,"href":"https:\/\/kaleta.pl\/en\/wp-json\/wp\/v2\/comments\/?post=922"}],"version-history":[{"count":1,"href":"https:\/\/kaleta.pl\/en\/wp-json\/wp\/v2\/pages\/922\/revisions\/"}],"predecessor-version":[{"id":2355,"href":"https:\/\/kaleta.pl\/en\/wp-json\/wp\/v2\/pages\/922\/revisions\/2355\/"}],"wp:attachment":[{"href":"https:\/\/kaleta.pl\/en\/wp-json\/wp\/v2\/media\/?parent=922"}],"curies":[{"name":"wp","href":"https:\/\/api.w.org\/{rel}","templated":true}]}}