{"id":1146,"date":"2019-12-11T13:28:21","date_gmt":"2019-12-11T12:28:21","guid":{"rendered":"https:\/\/kaleta.pl\/o-firmie\/"},"modified":"2020-04-07T11:41:34","modified_gmt":"2020-04-07T09:41:34","slug":"o-firmie","status":"publish","type":"page","link":"https:\/\/kaleta.pl\/de\/o-firmie\/","title":{"rendered":"O firmie"},"content":{"rendered":"\n\t<h1>\n\t\t\t\tBetrieb f\u00fcr Herstellung von Baueinrichtungen<br>KALETA\n\t\t\t<\/h1>\n\t\t<p>Unsere Tradition greift auf das Jahr 1992 zur\u00fcck. Bei der Entwicklung des Baumarktes bem\u00fchten wir uns, die Erwartungen der Kunden zu befriedigen und strengten uns an, damit die von uns hergestellten Einrichtungen modern und funktionell sind.<\/p>\t\n\t\t\t\t<img loading=\"lazy\" decoding=\"async\" src=\"https:\/\/kaleta.pl\/wp-content\/uploads\/2019\/12\/o-firmie.jpg\" alt=\"mt\" itemprop=\"image\" height=\"402\" width=\"536\" title=\"mt\" onerror=\"this.style.display='none'\"  \/>\n\t<iframe loading=\"lazy\" width=\"100%\" height=\"550\" src=\"https:\/\/www.youtube-nocookie.com\/embed\/B_HiTpY1CH8?rel=0\" frameborder=\"0\" allow=\"autoplay; encrypted-media\" allowfullscreen=\"\"><\/iframe>\n\t<h1>\n\t\t\t\tUnsere Maschinen\n\t\t\t<\/h1>\n\t\t<p>Zur Zeit ist Firma \u201eKaleta\u201d ein moderner Betrieb, der jede Herausforderung des Baueinrichtungsmarktes bew\u00e4ltigen kann. Dauerhaftes Monitoring von Kundenbed\u00fcrfnissen und Kontakt mit Kunden ist eine ausgezeichnete Entwicklungsrichtung der Firma. Wir bedanken uns bei allen Kunden, die mit uns zusammenarbeiten und laden zum Nutzen von unserem Angebot ein.<\/p>\t\n\t\t\t<a href=\"\/produkty\/?lang=de\" target=\"_self\" role=\"button\" rel=\"noopener noreferrer\">\n\t\t\t\t\t\t\tSieh unsere Produkte\n\t\t\t\t\t<\/a>\n\t\t\t\t<img loading=\"lazy\" decoding=\"async\" src=\"https:\/\/kaleta.pl\/wp-content\/uploads\/2019\/12\/o-firmie.png\" alt=\"O firmie\" itemprop=\"image\" height=\"368\" width=\"622\" title=\"O firmie\" onerror=\"this.style.display='none'\"  \/>\n\t\t\t\t<img decoding=\"async\" src=\"https:\/\/kaleta.pl\/wp-content\/uploads\/2019\/12\/maszyny1.png\" alt=\"maszyny1\" itemprop=\"image\" title=\"maszyny1\" onerror=\"this.style.display='none'\"  \/>\n\t<h1>\n\t\t\t\tModerner Betrieb\n\t\t\t<\/h1>\n\t\t<p>Zur Zeit ist Firma \u201eKaleta\u201d ein moderner Betrieb, der jede Herausforderung des Baueinrichtungsmarktes bew\u00e4ltigen kann. Dauerhaftes Monitoring von Kundenbed\u00fcrfnissen und Kontakt mit Kunden ist eine ausgezeichnete Entwicklungsrichtung der Firma. Wir bedanken uns bei allen Kunden, die mit uns zusammenarbeiten und laden zum Nutzen von unserem Angebot ein.<\/p>\t\n\t<h1>\n\t\tGalerie\n\t<\/h1>\n<h1>\n\t\tStreet view\n\t<\/h1>\n\t<iframe loading=\"lazy\" src=\"https:\/\/www.google.com\/maps\/embed?pb=!1m0!3m2!1spl!2sus!4v1491476125214!6m8!1m7!1shjZ7PTfFQScAAAQvxcJezA!2m2!1d50.08152206699775!2d19.7749258196493!3f354.12!4f4.569999999999993!5f0.5970117501821992\" width=\"100%\" height=\"600\" frameborder=\"0\" allowfullscreen=\"\"><\/iframe>\n","protected":false},"excerpt":{"rendered":"<p>Betrieb f\u00fcr Herstellung von BaueinrichtungenKALETA Unsere Tradition greift auf das Jahr 1992 zur\u00fcck. Bei der Entwicklung des Baumarktes bem\u00fchten wir uns, die Erwartungen der Kunden zu befriedigen und strengten uns an, damit die von uns hergestellten Einrichtungen modern und funktionell sind. Unsere Maschinen Zur Zeit ist Firma \u201eKaleta\u201d ein moderner Betrieb, der jede Herausforderung des&hellip;<\/p>\n","protected":false},"author":1,"featured_media":0,"parent":0,"menu_order":0,"comment_status":"closed","ping_status":"closed","template":"","meta":{"footnotes":""},"class_list":["post-1146","page","type-page","status-publish","hentry"],"_links":{"self":[{"href":"https:\/\/kaleta.pl\/de\/wp-json\/wp\/v2\/pages\/1146\/"}],"collection":[{"href":"https:\/\/kaleta.pl\/de\/wp-json\/wp\/v2\/pages\/"}],"about":[{"href":"https:\/\/kaleta.pl\/de\/wp-json\/wp\/v2\/types\/page\/"}],"author":[{"embeddable":true,"href":"https:\/\/kaleta.pl\/de\/wp-json\/wp\/v2\/users\/1\/"}],"replies":[{"embeddable":true,"href":"https:\/\/kaleta.pl\/de\/wp-json\/wp\/v2\/comments\/?post=1146"}],"version-history":[{"count":3,"href":"https:\/\/kaleta.pl\/de\/wp-json\/wp\/v2\/pages\/1146\/revisions\/"}],"predecessor-version":[{"id":2528,"href":"https:\/\/kaleta.pl\/de\/wp-json\/wp\/v2\/pages\/1146\/revisions\/2528\/"}],"wp:attachment":[{"href":"https:\/\/kaleta.pl\/de\/wp-json\/wp\/v2\/media\/?parent=1146"}],"curies":[{"name":"wp","href":"https:\/\/api.w.org\/{rel}","templated":true}]}}